{"id":542,"date":"2024-12-02T17:38:15","date_gmt":"2024-12-02T16:38:15","guid":{"rendered":"https:\/\/strongauthority.com\/?page_id=542"},"modified":"2024-12-04T10:51:46","modified_gmt":"2024-12-04T09:51:46","slug":"home","status":"publish","type":"page","link":"https:\/\/strongauthority.com\/fr\/","title":{"rendered":"Accueil"},"content":{"rendered":"<h1>Vous avez du mal \u00e0 faire conna\u00eetre votre entreprise ?<\/h1>\n<p>Don&#8217;t worry! We are here to help entrepreneurs who want to take their business to the next level &#8211; manage their online visibility so that their customers can find them easily and quickly.<\/p>\n\t\t\t<a href=\"https:\/\/strongauthority.com\/how-it-works\/\" target=\"_self\">\n\t\t\t\t\t\t\tD\u00e9couvrez comment\n\t\t\t\t\t<\/a>\n\t\t\t<a href=\"https:\/\/strongauthority.com\/contact\/\" target=\"_self\">\n\t\t\t\t\t\t\tMe Contacter\n\t\t\t\t\t<\/a>\n<h2><strong>Vous vous sentez d\u00e9pass\u00e9 par le monde num\u00e9rique ?<\/strong><\/h2>\nYou struggle when it comes to managing your online presence because you&#8217;re either doing it all yourself, or relying on relatively limited help. The digital world is complex and ever-changing, which means that specialized expertise and knowledge are essential in order to stay up-to-date. On top of this, there&#8217;s the reality of devoting a large amount of time to all the tasks associated with running your business &#8211; leaving you feeling overwhelmed at times. It&#8217;s hard to see how you can make additional time for growth as everything takes away from your efficiency &#8211; leading to a difficult situation where you don&#8217;t know how to scale.\n\t\t\t\t<img decoding=\"async\" src=\"https:\/\/strongauthority.com\/wp-content\/uploads\/2024\/12\/web-development-01.png\" alt=\"web-development-01\" itemprop=\"image\" height=\"362\" width=\"626\" title=\"d\u00e9veloppement web-01\" onerror=\"this.style.display='none'\"  \/>\n<h2><strong>D\u00e9veloppez votre activit\u00e9<\/strong><\/h2>\n<h3>Ma\u00eetrisez votre pr\u00e9sence en ligne et atteignez vos objectifs gr\u00e2ce aux sites web, aux m\u00e9dias sociaux et \u00e0 bien d'autres choses encore !<\/h3>\n<p>Let us take the stress of IT off your hands and help you grow your business. Get the online presence that will give you the freedom to concentrate on what you love to do and reach your goals. With our assistance, from website setup and maintenance to social media management, we&#8217;ll make sure everything is running smoothly so you can focus on making sure your knowledge and expertise shine through. We&#8217;re here to guide you every step of the way, giving you the peace of mind needed to concentrate on bigger goals.<\/p>\n\t\t\t\t<img decoding=\"async\" src=\"https:\/\/strongauthority.com\/wp-content\/uploads\/2024\/12\/arrow-01.png\" alt=\"arrow-01\" itemprop=\"image\" height=\"75\" width=\"58\" title=\"fl\u00e8che-01\" onerror=\"this.style.display='none'\"  \/>\n<h2>\n\t\tLe processus\n\t<\/h2>\n\t<ul>\n\t\t<li>\t\t\n\t\t01<h3>\u00c9TAPE 01<\/h3><p>Vous pouvez me contacter en utilisant le formulaire sur ce site web pour une consultation gratuite.<\/p><\/li>\t<\/ul>\n\t<ul>\n\t\t<li>\t\t\n\t\t02<h3>\u00c9TAPE 02<\/h3><p>We&#8217;ll work out what would work best for your business, and I&#8217;ll put a plan together<\/p><\/li>\t<\/ul>\n\t<ul>\n\t\t<li>\t\t\n\t\t03<h3>\u00c9TAPE 03<\/h3><p>Once you&#8217;ve approved the plan, we will build and put in place your solution<\/p><\/li>\t<\/ul>\n\t<ul>\n\t\t<li>\t\t\n\t\t04<h3>\u00c9TAPE 04<\/h3><p>When you&#8217;re happy, I&#8217;ll hand over the keys&#8230; and you can start getting more leads and sales!<\/p>\u00a0<\/li>\t<\/ul>\n<h2>\n\t\tExemples\n\t<\/h2>\n\t\t\t\t<img decoding=\"async\" src=\"https:\/\/strongauthority.com\/wp-content\/uploads\/2024\/12\/browser.png\" alt=\"browser\" itemprop=\"image\" height=\"108\" width=\"108\" title=\"navigateur\" onerror=\"this.style.display='none'\"  \/>\n<h4><strong>PAGE DE DESTINATION<\/strong><\/h4>\n<p>Boost Your Business With a Landing Page That Captures Leads. Get a visually stunning page with conversions in mind &#8211; designed to get you leads that truly make an impact.<\/p>\n\t\t\t\t<img decoding=\"async\" src=\"https:\/\/strongauthority.com\/wp-content\/uploads\/2024\/12\/web-development.png\" alt=\"web-development\" itemprop=\"image\" height=\"106\" width=\"106\" title=\"d\u00e9veloppement web\" onerror=\"this.style.display='none'\"  \/>\n<h4><strong>ENTONNOIR\u202fDE\u202fVENTE<\/strong><\/h4>\n<p>Unlock Up to 72% More Profits with a Top-Class Sales Funnel. Trust me to craft the entire funnel from start to finish &#8211; and watch your profits soar!<\/p>\n\t\t\t\t<img decoding=\"async\" src=\"https:\/\/strongauthority.com\/wp-content\/uploads\/2024\/12\/content.png\" alt=\"content\" itemprop=\"image\" height=\"105\" width=\"105\" title=\"contenu\" onerror=\"this.style.display='none'\"  \/>\n<h4><strong>SITES WEB<\/strong><\/h4>\n<p>Enjoy Stress-Free Projects on Time &amp; On Budget &#8211; Designing Tailor-Made Websites For Your Business. Get the perfect website &#8211; without compromising on your budget or timeline!<\/p>\n<h2>\n\t\tHere&#8217;s some I made earlier&#8230;\n\t<\/h2>\n\t\t\t\t<img decoding=\"async\" src=\"https:\/\/strongauthority.com\/wp-content\/uploads\/2024\/12\/Parole-de-Vie-tv-website.jpg\" alt=\"Parole de Vie tv website\" itemprop=\"image\" height=\"617\" width=\"372\" title=\"Parole de Vie tv website\" onerror=\"this.style.display='none'\"  \/>\n\t\t\t\t<img decoding=\"async\" src=\"https:\/\/strongauthority.com\/wp-content\/uploads\/2024\/12\/The-Smart-Lazy-Guy-website.jpg\" alt=\"The Smart Lazy Guy website\" itemprop=\"image\" height=\"617\" width=\"372\" title=\"Site web du paresseux intelligent\" onerror=\"this.style.display='none'\"  \/>\n<h2>\n\t\tCaract\u00e9ristiques\n\t<\/h2>\n\t\t\t\t<img decoding=\"async\" src=\"https:\/\/strongauthority.com\/wp-content\/uploads\/2024\/12\/feature-icon-01.png\" alt=\"feature-icon-01\" itemprop=\"image\" height=\"154\" width=\"154\" title=\"ic\u00f4ne-fonctionnalit\u00e9-01\" onerror=\"this.style.display='none'\"  \/>\n<h4><strong>Optimis\u00e9 pour les mobiles<\/strong><\/h4>\n<p>your site will look great on all popular devices, whether they&#8217;re desktop, tablet or mobile &#8211; guaranteed<\/p>\n\t\t\t\t<img decoding=\"async\" src=\"https:\/\/strongauthority.com\/wp-content\/uploads\/2024\/12\/feature-icon-02.png\" alt=\"feature-icon-02\" itemprop=\"image\" height=\"152\" width=\"152\" title=\"ic\u00f4ne-fonctionnalit\u00e9-02\" onerror=\"this.style.display='none'\"  \/>\n<h4><strong>Grande capacit\u00e9<\/strong><\/h4>\n<p>you&#8217;ll be hosted on rock-solid servers.\u00a0 It doesn&#8217;t matter how much traffic you get &#8211; your website will stay live and making sales.<\/p>\n\t\t\t\t<img decoding=\"async\" src=\"https:\/\/strongauthority.com\/wp-content\/uploads\/2024\/12\/feature-icon-07.png\" alt=\"feature-icon-07\" itemprop=\"image\" height=\"150\" width=\"150\" title=\"ic\u00f4ne-fonctionnalit\u00e9-07\" onerror=\"this.style.display='none'\"  \/>\n<h4><strong>Une vitesse de chargement incroyable<\/strong><\/h4>\n<p>studies have shown you lose 40% of your traffic if your page takes more than 3 seconds to load&#8230; so your site will be fully optimised to load like a beast<\/p>\n\t\t\t\t<img decoding=\"async\" src=\"https:\/\/strongauthority.com\/wp-content\/uploads\/2024\/12\/feature-icon-04.png\" alt=\"feature-icon-04\" itemprop=\"image\" height=\"152\" width=\"152\" title=\"ic\u00f4ne-fonctionnalit\u00e9-04\" onerror=\"this.style.display='none'\"  \/>\n<h4><strong>Hautement s\u00e9curis\u00e9<\/strong><\/h4>\n<p>every site and page comes with free SSL encryption, using a combination of Amazon and Google&#8217;s cloud platforms to provide fully-vetted top-tier security<\/p>\n\t\t\t\t<img decoding=\"async\" src=\"https:\/\/strongauthority.com\/wp-content\/uploads\/2024\/12\/feature-icon-06.png\" alt=\"feature-icon-06\" itemprop=\"image\" height=\"154\" width=\"154\" title=\"ic\u00f4ne-fonctionnalit\u00e9-06\" onerror=\"this.style.display='none'\"  \/>\n<h4><strong>Analyse compl\u00e8te<\/strong><\/h4>\n<p>une connaissance approfondie des visites de pages, des inscriptions de prospects, du chiffre d'affaires et des tests partiels<\/p>\n\t\t\t\t<img decoding=\"async\" src=\"https:\/\/strongauthority.com\/wp-content\/uploads\/2024\/12\/feature-icon-05.png\" alt=\"feature-icon-05\" itemprop=\"image\" height=\"155\" width=\"155\" title=\"ic\u00f4ne-fonctionnalit\u00e9-05\" onerror=\"this.style.display='none'\"  \/>\n<h4><strong>100% Pr\u00eat pour le r\u00e9f\u00e9rencement<\/strong><\/h4>\n<p>les pages riches en m\u00e9tadonn\u00e9es vous aident \u00e0 \u00eatre trouv\u00e9 dans Google, ce qui vous permet d'attirer de plus en plus de clients<\/p>\n\t\t\t\t<img decoding=\"async\" src=\"https:\/\/strongauthority.com\/wp-content\/uploads\/2024\/12\/feature-icon-03.png\" alt=\"feature-icon-03\" itemprop=\"image\" height=\"156\" width=\"156\" title=\"ic\u00f4ne-fonctionnalit\u00e9-03\" onerror=\"this.style.display='none'\"  \/>\n<h4><strong>Votre propre tableau de bord<\/strong><\/h4>\n<p>\u00a0make changes to your pages, check your stats, integrate easily with e-mail and payment services, and more &#8211; all without needing to know any code<\/p>\n<h2>\n\t\tEnvie de collaborer et de r\u00e9ussir ensemble ?\n\t<\/h2>\n\t\t\t\t<img decoding=\"async\" src=\"https:\/\/strongauthority.com\/wp-content\/uploads\/2024\/12\/arrow-01.png\" alt=\"arrow-01\" itemprop=\"image\" height=\"75\" width=\"58\" title=\"fl\u00e8che-01\" onerror=\"this.style.display='none'\"  \/>\n\t\t\t<a href=\"https:\/\/strongauthority.com\/contact\/\" target=\"_self\">\n\t\t\t\t\t\t\tObtenir un devis\n\t\t\t\t\t<\/a>","protected":false},"excerpt":{"rendered":"<p>Struggling to get your business noticed? Don&#8217;t worry! We are here to help entrepreneurs who want to take their business to the next level &#8211; manage their online visibility so that their customers can find them easily and quickly. Find out how Contact Me Feeling Overwhelmed by the Digital World? You struggle when it comes [&hellip;]<\/p>\n","protected":false},"author":2,"featured_media":543,"parent":0,"menu_order":0,"comment_status":"closed","ping_status":"closed","template":"","meta":{"site-sidebar-layout":"no-sidebar","site-content-layout":"","ast-site-content-layout":"full-width-container","site-content-style":"boxed","site-sidebar-style":"default","ast-global-header-display":"","ast-banner-title-visibility":"","ast-main-header-display":"","ast-hfb-above-header-display":"","ast-hfb-below-header-display":"","ast-hfb-mobile-header-display":"","site-post-title":"","ast-breadcrumbs-content":"","ast-featured-img":"","footer-sml-layout":"","theme-transparent-header-meta":"","adv-header-id-meta":"","stick-header-meta":"","header-above-stick-meta":"","header-main-stick-meta":"","header-below-stick-meta":"","astra-migrate-meta-layouts":"set","ast-page-background-enabled":"default","ast-page-background-meta":{"desktop":{"background-color":"","background-image":"","background-repeat":"repeat","background-position":"center center","background-size":"auto","background-attachment":"scroll","background-type":"","background-media":"","overlay-type":"","overlay-color":"","overlay-opacity":"","overlay-gradient":""},"tablet":{"background-color":"","background-image":"","background-repeat":"repeat","background-position":"center center","background-size":"auto","background-attachment":"scroll","background-type":"","background-media":"","overlay-type":"","overlay-color":"","overlay-opacity":"","overlay-gradient":""},"mobile":{"background-color":"","background-image":"","background-repeat":"repeat","background-position":"center center","background-size":"auto","background-attachment":"scroll","background-type":"","background-media":"","overlay-type":"","overlay-color":"","overlay-opacity":"","overlay-gradient":""}},"ast-content-background-meta":{"desktop":{"background-color":"var(--ast-global-color-5)","background-image":"","background-repeat":"repeat","background-position":"center center","background-size":"auto","background-attachment":"scroll","background-type":"","background-media":"","overlay-type":"","overlay-color":"","overlay-opacity":"","overlay-gradient":""},"tablet":{"background-color":"var(--ast-global-color-5)","background-image":"","background-repeat":"repeat","background-position":"center center","background-size":"auto","background-attachment":"scroll","background-type":"","background-media":"","overlay-type":"","overlay-color":"","overlay-opacity":"","overlay-gradient":""},"mobile":{"background-color":"var(--ast-global-color-5)","background-image":"","background-repeat":"repeat","background-position":"center center","background-size":"auto","background-attachment":"scroll","background-type":"","background-media":"","overlay-type":"","overlay-color":"","overlay-opacity":"","overlay-gradient":""}},"footnotes":""},"class_list":["post-542","page","type-page","status-publish","has-post-thumbnail","hentry"],"aioseo_notices":[],"_links":{"self":[{"href":"https:\/\/strongauthority.com\/fr\/wp-json\/wp\/v2\/pages\/542","targetHints":{"allow":["GET"]}}],"collection":[{"href":"https:\/\/strongauthority.com\/fr\/wp-json\/wp\/v2\/pages"}],"about":[{"href":"https:\/\/strongauthority.com\/fr\/wp-json\/wp\/v2\/types\/page"}],"author":[{"embeddable":true,"href":"https:\/\/strongauthority.com\/fr\/wp-json\/wp\/v2\/users\/2"}],"replies":[{"embeddable":true,"href":"https:\/\/strongauthority.com\/fr\/wp-json\/wp\/v2\/comments?post=542"}],"version-history":[{"count":8,"href":"https:\/\/strongauthority.com\/fr\/wp-json\/wp\/v2\/pages\/542\/revisions"}],"predecessor-version":[{"id":602,"href":"https:\/\/strongauthority.com\/fr\/wp-json\/wp\/v2\/pages\/542\/revisions\/602"}],"wp:featuredmedia":[{"embeddable":true,"href":"https:\/\/strongauthority.com\/fr\/wp-json\/wp\/v2\/media\/543"}],"wp:attachment":[{"href":"https:\/\/strongauthority.com\/fr\/wp-json\/wp\/v2\/media?parent=542"}],"curies":[{"name":"wp","href":"https:\/\/api.w.org\/{rel}","templated":true}]}}