{"id":493,"date":"2023-01-08T20:33:35","date_gmt":"2023-01-08T19:33:35","guid":{"rendered":"https:\/\/strongauthority.com\/?page_id=493"},"modified":"2023-01-08T20:50:27","modified_gmt":"2023-01-08T19:50:27","slug":"thank-you-free-consultation","status":"publish","type":"page","link":"https:\/\/strongauthority.com\/fr\/thank-you-free-consultation\/","title":{"rendered":"Thank You Free Consultation"},"content":{"rendered":"<h1>\n\t\tMerci de nous avoir contact\u00e9s !\n\t<\/h1>\n<p>Je vous remercie d'avoir pris le temps de prendre rendez-vous avec moi pour une consultation gratuite. J'appr\u00e9cie l'occasion qui m'est donn\u00e9e de discuter de votre projet et de la mani\u00e8re dont je peux vous aider.<\/p>\n<p>Vous recevrez un e-mail de confirmation avec les d\u00e9tails de notre r\u00e9union Zoom, y compris le lien pour vous inscrire. N'h\u00e9sitez pas \u00e0 l'ajouter \u00e0 votre calendrier et \u00e0 nous rejoindre \u00e0 l'heure pr\u00e9vue.<\/p>\n<p>Pour ceux qui ne connaissent pas Zoom, il s'agit d'une plateforme de vid\u00e9oconf\u00e9rence qui nous permet de nous r\u00e9unir en ligne. Pour participer \u00e0 la r\u00e9union, il vous suffit de cliquer sur le lien fourni dans l'e-mail de confirmation, ce qui ouvrira Zoom et vous permettra de participer automatiquement \u00e0 la r\u00e9union. Si Zoom n'est pas d\u00e9j\u00e0 install\u00e9 sur votre appareil, vous serez peut-\u00eatre invit\u00e9 \u00e0 le t\u00e9l\u00e9charger et \u00e0 l'installer avant de participer \u00e0 la r\u00e9union.<\/p>\n<p>Je suis impatiente d'en savoir plus sur vos besoins et vos objectifs, et de vous pr\u00e9senter mon travail et la mani\u00e8re dont je peux vous aider.<\/p>\n<p>Please don&#8217;t hesitate to reach out anytime with questions, to discuss your project in more detail, or just to connect. I am always happy to talk about my work and am looking forward to our consultation.<\/p>\n<p>Je vous remercie \u00e0 nouveau d'avoir pens\u00e9 \u00e0 moi pour votre projet. Je me r\u00e9jouis d'avoir bient\u00f4t l'occasion de m'entretenir avec vous.<\/p>","protected":false},"excerpt":{"rendered":"<p>Thank you for contacting us! Thank you for taking the time to schedule a free consultation with me. I appreciate the opportunity to discuss your project and how I may be able to help you. You will receive a confirmation email with the details of our Zoom meeting, including the link to join. Please feel [&hellip;]<\/p>\n","protected":false},"author":1,"featured_media":0,"parent":0,"menu_order":0,"comment_status":"closed","ping_status":"closed","template":"","meta":{"site-sidebar-layout":"default","site-content-layout":"","ast-site-content-layout":"","site-content-style":"default","site-sidebar-style":"default","ast-global-header-display":"","ast-banner-title-visibility":"","ast-main-header-display":"","ast-hfb-above-header-display":"","ast-hfb-below-header-display":"","ast-hfb-mobile-header-display":"","site-post-title":"disabled","ast-breadcrumbs-content":"","ast-featured-img":"","footer-sml-layout":"","theme-transparent-header-meta":"","adv-header-id-meta":"","stick-header-meta":"","header-above-stick-meta":"","header-main-stick-meta":"","header-below-stick-meta":"","astra-migrate-meta-layouts":"default","ast-page-background-enabled":"default","ast-page-background-meta":{"desktop":{"background-color":"","background-image":"","background-repeat":"repeat","background-position":"center center","background-size":"auto","background-attachment":"scroll","background-type":"","background-media":"","overlay-type":"","overlay-color":"","overlay-opacity":"","overlay-gradient":""},"tablet":{"background-color":"","background-image":"","background-repeat":"repeat","background-position":"center center","background-size":"auto","background-attachment":"scroll","background-type":"","background-media":"","overlay-type":"","overlay-color":"","overlay-opacity":"","overlay-gradient":""},"mobile":{"background-color":"","background-image":"","background-repeat":"repeat","background-position":"center center","background-size":"auto","background-attachment":"scroll","background-type":"","background-media":"","overlay-type":"","overlay-color":"","overlay-opacity":"","overlay-gradient":""}},"ast-content-background-meta":{"desktop":{"background-color":"var(--ast-global-color-5)","background-image":"","background-repeat":"repeat","background-position":"center center","background-size":"auto","background-attachment":"scroll","background-type":"","background-media":"","overlay-type":"","overlay-color":"","overlay-opacity":"","overlay-gradient":""},"tablet":{"background-color":"var(--ast-global-color-5)","background-image":"","background-repeat":"repeat","background-position":"center center","background-size":"auto","background-attachment":"scroll","background-type":"","background-media":"","overlay-type":"","overlay-color":"","overlay-opacity":"","overlay-gradient":""},"mobile":{"background-color":"var(--ast-global-color-5)","background-image":"","background-repeat":"repeat","background-position":"center center","background-size":"auto","background-attachment":"scroll","background-type":"","background-media":"","overlay-type":"","overlay-color":"","overlay-opacity":"","overlay-gradient":""}},"footnotes":""},"class_list":["post-493","page","type-page","status-publish","hentry"],"aioseo_notices":[],"_links":{"self":[{"href":"https:\/\/strongauthority.com\/fr\/wp-json\/wp\/v2\/pages\/493","targetHints":{"allow":["GET"]}}],"collection":[{"href":"https:\/\/strongauthority.com\/fr\/wp-json\/wp\/v2\/pages"}],"about":[{"href":"https:\/\/strongauthority.com\/fr\/wp-json\/wp\/v2\/types\/page"}],"author":[{"embeddable":true,"href":"https:\/\/strongauthority.com\/fr\/wp-json\/wp\/v2\/users\/1"}],"replies":[{"embeddable":true,"href":"https:\/\/strongauthority.com\/fr\/wp-json\/wp\/v2\/comments?post=493"}],"version-history":[{"count":3,"href":"https:\/\/strongauthority.com\/fr\/wp-json\/wp\/v2\/pages\/493\/revisions"}],"predecessor-version":[{"id":497,"href":"https:\/\/strongauthority.com\/fr\/wp-json\/wp\/v2\/pages\/493\/revisions\/497"}],"wp:attachment":[{"href":"https:\/\/strongauthority.com\/fr\/wp-json\/wp\/v2\/media?parent=493"}],"curies":[{"name":"wp","href":"https:\/\/api.w.org\/{rel}","templated":true}]}}