{"id":126,"date":"2018-08-27T12:15:15","date_gmt":"2018-08-27T12:15:15","guid":{"rendered":"https:\/\/strongauthority.com\/home\/"},"modified":"2024-12-03T16:03:07","modified_gmt":"2024-12-03T15:03:07","slug":"home-old","status":"publish","type":"page","link":"https:\/\/strongauthority.com\/fr\/home-old\/","title":{"rendered":"Home Old"},"content":{"rendered":"<h5>\n\t\t\t\tCr\u00e9ez votre autorit\u00e9 sur Internet\n\t\t\t<\/h5>\n\t<h1>\n\t\t\t\tUne autorit\u00e9 forte\n\t\t\t<\/h1>\n\t\t\t<p>Soyez pr\u00eat \u00e0 avoir plus de clients, de consommateurs ou de patients.<\/p>\t\n\t\t\t<a href=\"https:\/\/offers.strongauthority.com\/how-it-works\" target=\"_self\" role=\"button\" aria-label=\"En savoir plus\" rel=\"noopener\">\n\t\t\t\t\t\t\tEn savoir plus\n\t\t<\/a>\n\t<h5>\n\t\t\t\tServices\n\t\t\t<\/h5>\n\t<h2>\n\t\t\t\tCe que nous faisons\n\t\t\t<\/h2>\n\t\t\t\t<img decoding=\"async\" src=\"https:\/\/strongauthority.com\/wp-content\/uploads\/2020\/09\/news-content.jpg\" alt=\"news-content\" title=\"news-content\" itemprop=\"image\"\/>\n\t<h3>\n\t\t\t\tExposition\n\t\t\t<\/h3>\n\t\t\t<p>Cela permet d'augmenter le nombre de clients, de consommateurs ou de patients. Nous y parvenons gr\u00e2ce \u00e0 nos liens avec des m\u00e9dias tels que USA Today, Fox News, ABC, NBC et bien d'autres.<\/p>\t\n\t<h3>\n\t\t\t\tCr\u00e9er un contenu int\u00e9ressant\n\t\t\t<\/h3>\n\t\t\t<p>Nous r\u00e9digeons des nouvelles et du contenu autour des services que vous proposez. Nous mettons au point un ensemble de contenus multim\u00e9dias de qualit\u00e9.<\/p>\t\n\t\t\t\t<img decoding=\"async\" src=\"https:\/\/strongauthority.com\/wp-content\/uploads\/2020\/09\/multimedia-package.jpg\" alt=\"multimedia-package\" title=\"paquet multim\u00e9dia\" itemprop=\"image\"\/>\n\t\t\t\t<img decoding=\"async\" src=\"https:\/\/strongauthority.com\/wp-content\/uploads\/2020\/09\/Rank-1-local-business.jpg\" alt=\"Rank-1-local-business\" title=\"Rang 1 - entreprises locales\" itemprop=\"image\"\/>\n\t<h3>\n\t\t\t\tUne couverture nationale mais un accent local\n\t\t\t<\/h3>\n\t\t\t<p>Cette exposition vous positionne comme le choix #1 dans votre r\u00e9gion et vous fait conna\u00eetre aupr\u00e8s d'un plus grand nombre de personnes. Cela vous permet d'obtenir plus de clients, de consommateurs ou de patients !<\/p>\t\n\t\t\t<a href=\"https:\/\/offers.strongauthority.com\/how-it-works\" target=\"_self\" role=\"button\" aria-label=\"Commencez ici\" rel=\"noopener\">\n\t\t\t\t\t\t\tCommencez ici\n\t\t<\/a>\n\t<h5>\n\t\t\t\tPourquoi nous choisir\n\t\t\t<\/h5>\n\t<h2>\n\t\t\t\tObtenez l'exposition que vous m\u00e9ritez\n\t\t\t<\/h2>\n\t<ul>\n\t\t<li>\t\t\t\t\n\t\t<h4>Largement diffus\u00e9<\/h4><p>Votre entreprise appara\u00eetra sur plus de 400 sites web bien class\u00e9s.<\/p><\/li>\t<\/ul>\n\t<ul>\n\t\t<li>\t\t\t\t\n\t\t<h4>Rang #1<\/h4><p>Vous m\u00e9ritez d'\u00eatre consid\u00e9r\u00e9 comme le premier choix dans votre ville.<\/p><\/li>\t<\/ul>\n\t<ul>\n\t\t<li>\t\t\t\t\n\t\t<h4>R\u00e9sultat plus rapide<\/h4><p>N'attendez pas plus de six mois pour voir un r\u00e9sultat, peut-\u00eatre<\/p><\/li>\t<\/ul>\n\t<h5>\n\t\t\t\tT\u00e9moignages\n\t\t\t<\/h5>\n\t<h2>\n\t\t\t\tquelques entreprises que nous avons aid\u00e9es\n\t\t\t<\/h2>\n\t<ul>\n<li>Des pistes de haute qualit\u00e9 pour une entreprise de construction de luxe\/design<\/li>\n<li>Il a doubl\u00e9 ses revenus annuels (six chiffres suppl\u00e9mentaires).<\/li>\n<li>Recevoir beaucoup de trafic pour les recherches de mots cl\u00e9s dans Google<\/li>\n<li>J'ai obtenu plus de 340 000 vues de GMB sur une p\u00e9riode de 3 mois.<\/li>\n<\/ul>\n\t<h5>\n\t\t\t\tEdward\n\t\t\t<\/h5>\n\t\t\t<p>Responsable des promotions<\/p>\t\n\t<ul>\n<li>Rang dans le paquet d'argent pour de nombreux produits et services diff\u00e9rents qu'il offre.<\/li>\n<li>Il a doubl\u00e9 ses revenus annuels (six chiffres suppl\u00e9mentaires).<\/li>\n<li>Nous avons \u00e9t\u00e9 oblig\u00e9s d'embaucher deux nouveaux th\u00e9rapeutes pour r\u00e9pondre \u00e0 la demande.<\/li>\n<li>On est pass\u00e9 d'un lit \u00e0 demi-capacit\u00e9 \u00e0 3 lits \u00e0 presque pleine capacit\u00e9.<\/li>\n<\/ul>\n\t<h5>\n\t\t\t\tKam\n\t\t\t<\/h5>\n\t\t\t<p>Physioth\u00e9rapeute<\/p>\t\n\t<ul>\n<li>Entrez dans le paquet d'argent sur plusieurs sites<\/li>\n<li>R\u00e9cup\u00e9rer son temps pour qu'il puisse se concentrer sur son r\u00f4le de PDG au lieu de travailler dans l'entreprise.<\/li>\n<li>Recevoir du trafic organique gr\u00e2ce \u00e0 une visibilit\u00e9 \u00e9lev\u00e9e dans Google<\/li>\n<\/ul>\n\t<h5>\n\t\t\t\tPeter\n\t\t\t<\/h5>\n\t\t\t<p>Soci\u00e9t\u00e9 d'insonorisation<\/p>\t\n\t\t\t<a href=\"https:\/\/offers.strongauthority.com\/about\" target=\"_self\" role=\"button\" aria-label=\"A propos de nous\" rel=\"noopener\">\n\t\t\t\t\t\t\tA propos de nous\n\t\t<\/a>\n\t<h2>\n\t\t\t\t\u00cates-vous pr\u00eat \u00e0 g\u00e9rer plus <br \/>Clients ou patients ?\n\t\t\t<\/h2>\n\t<p>En appliquant ma strat\u00e9gie m\u00e9diatique unique et tr\u00e8s efficace, je peux prendre n'importe quelle entreprise locale et augmenter consid\u00e9rablement sa visibilit\u00e9 pour divers produits et services en quelques mois, ce qui entra\u00eene une augmentation significative de la client\u00e8le. Ce que je peux faire pour votre entreprise est si efficace que les premiers r\u00e9sultats sont visibles en quelques jours,<\/p>\n<p>Je ne peux travailler qu'avec un nombre limit\u00e9 d'entreprises, et les crit\u00e8res sont stricts, pour maintenir mes relations avec les m\u00e9dias. Si vous \u00eates une entreprise d\u00e9sireuse d'am\u00e9liorer votre r\u00e9putation, d'obtenir plus de reconnaissance et d'exposition, et d'\u00eatre en mesure de traiter plus de clients, cliquez sur le bouton ci-dessous. Sur la page suivante, vous pourrez suivre une vid\u00e9o rapide contenant de plus amples informations. Ensuite, vous pouvez commencer \u00e0 entrer les d\u00e9tails de votre entreprise pr\u00e8s de la vid\u00e9o.<\/p>\n\t\t\t<a href=\"https:\/\/offers.strongauthority.com\/how-it-works\" target=\"_self\" role=\"button\" aria-label=\"Cliquez ici\" rel=\"noopener\">\n\t\t\t\t\t\t\tCliquez ici\n\t\t<\/a>","protected":false},"excerpt":{"rendered":"<p>Create Your Authority on Internet Strong Authority Be prepared to have more Customers, Clients, or Patients. Learn more Services What We Do Exposure That Brings More Customers, Clients or Patients.\u00a0We do this with our connection to media like USA\u202fToday, Fox News, ABC, NBC and many others. Create Interesting Content We write news and content all [&hellip;]<\/p>\n","protected":false},"author":1,"featured_media":317,"parent":0,"menu_order":0,"comment_status":"closed","ping_status":"closed","template":"","meta":{"site-sidebar-layout":"default","site-content-layout":"page-builder","ast-site-content-layout":"full-width-container","site-content-style":"unboxed","site-sidebar-style":"unboxed","ast-global-header-display":"","ast-banner-title-visibility":"","ast-main-header-display":"","ast-hfb-above-header-display":"","ast-hfb-below-header-display":"","ast-hfb-mobile-header-display":"","site-post-title":"disabled","ast-breadcrumbs-content":"","ast-featured-img":"disabled","footer-sml-layout":"","theme-transparent-header-meta":"enabled","adv-header-id-meta":"","stick-header-meta":"","header-above-stick-meta":"","header-main-stick-meta":"","header-below-stick-meta":"","astra-migrate-meta-layouts":"set","ast-page-background-enabled":"default","ast-page-background-meta":{"desktop":{"background-color":"","background-image":"","background-repeat":"repeat","background-position":"center center","background-size":"auto","background-attachment":"scroll","background-type":"","background-media":"","overlay-type":"","overlay-color":"","overlay-opacity":"","overlay-gradient":""},"tablet":{"background-color":"","background-image":"","background-repeat":"repeat","background-position":"center center","background-size":"auto","background-attachment":"scroll","background-type":"","background-media":"","overlay-type":"","overlay-color":"","overlay-opacity":"","overlay-gradient":""},"mobile":{"background-color":"","background-image":"","background-repeat":"repeat","background-position":"center center","background-size":"auto","background-attachment":"scroll","background-type":"","background-media":"","overlay-type":"","overlay-color":"","overlay-opacity":"","overlay-gradient":""}},"ast-content-background-meta":{"desktop":{"background-color":"var(--ast-global-color-5)","background-image":"","background-repeat":"repeat","background-position":"center center","background-size":"auto","background-attachment":"scroll","background-type":"","background-media":"","overlay-type":"","overlay-color":"","overlay-opacity":"","overlay-gradient":""},"tablet":{"background-color":"var(--ast-global-color-5)","background-image":"","background-repeat":"repeat","background-position":"center center","background-size":"auto","background-attachment":"scroll","background-type":"","background-media":"","overlay-type":"","overlay-color":"","overlay-opacity":"","overlay-gradient":""},"mobile":{"background-color":"var(--ast-global-color-5)","background-image":"","background-repeat":"repeat","background-position":"center center","background-size":"auto","background-attachment":"scroll","background-type":"","background-media":"","overlay-type":"","overlay-color":"","overlay-opacity":"","overlay-gradient":""}},"footnotes":""},"class_list":["post-126","page","type-page","status-publish","has-post-thumbnail","hentry"],"aioseo_notices":[],"_links":{"self":[{"href":"https:\/\/strongauthority.com\/fr\/wp-json\/wp\/v2\/pages\/126","targetHints":{"allow":["GET"]}}],"collection":[{"href":"https:\/\/strongauthority.com\/fr\/wp-json\/wp\/v2\/pages"}],"about":[{"href":"https:\/\/strongauthority.com\/fr\/wp-json\/wp\/v2\/types\/page"}],"author":[{"embeddable":true,"href":"https:\/\/strongauthority.com\/fr\/wp-json\/wp\/v2\/users\/1"}],"replies":[{"embeddable":true,"href":"https:\/\/strongauthority.com\/fr\/wp-json\/wp\/v2\/comments?post=126"}],"version-history":[{"count":19,"href":"https:\/\/strongauthority.com\/fr\/wp-json\/wp\/v2\/pages\/126\/revisions"}],"predecessor-version":[{"id":541,"href":"https:\/\/strongauthority.com\/fr\/wp-json\/wp\/v2\/pages\/126\/revisions\/541"}],"wp:featuredmedia":[{"embeddable":true,"href":"https:\/\/strongauthority.com\/fr\/wp-json\/wp\/v2\/media\/317"}],"wp:attachment":[{"href":"https:\/\/strongauthority.com\/fr\/wp-json\/wp\/v2\/media?parent=126"}],"curies":[{"name":"wp","href":"https:\/\/api.w.org\/{rel}","templated":true}]}}